{"id":5632,"date":"2022-10-25T14:20:41","date_gmt":"2022-10-25T14:20:41","guid":{"rendered":"https:\/\/riverchange.zrc-sazu.si\/slo\/?page_id=5632"},"modified":"2023-01-24T08:27:32","modified_gmt":"2023-01-24T08:27:32","slug":"further-reading","status":"publish","type":"page","link":"https:\/\/riverchange.zrc-sazu.si\/slo\/further-reading\/","title":{"rendered":"Further reading"},"content":{"rendered":"\t\t<div data-elementor-type=\"wp-page\" data-elementor-id=\"5632\" class=\"elementor elementor-5632\">\n\t\t\t\t\t\t<section class=\"elementor-section elementor-top-section elementor-element elementor-element-1b4eb76 elementor-section-boxed elementor-section-height-default elementor-section-height-default\" data-id=\"1b4eb76\" data-element_type=\"section\" data-e-type=\"section\" data-settings=\"{&quot;background_background&quot;:&quot;video&quot;,&quot;background_video_link&quot;:&quot;https:\\\/\\\/youtu.be\\\/8eUnX9uiYbI&quot;}\">\n\t\t\t\t\t\t\t\t<div class=\"elementor-background-video-container elementor-hidden-mobile\">\n\t\t\t\t\t\t\t\t\t\t\t\t\t<div class=\"elementor-background-video-embed\" role=\"presentation\"><\/div>\n\t\t\t\t\t\t\t\t\t\t\t\t<\/div>\n\t\t\t\t\t\t\t\t<div class=\"elementor-container elementor-column-gap-default\">\n\t\t\t\t\t<div class=\"elementor-column elementor-col-100 elementor-top-column elementor-element elementor-element-c052082\" data-id=\"c052082\" data-element_type=\"column\" data-e-type=\"column\">\n\t\t\t<div class=\"elementor-widget-wrap elementor-element-populated\">\n\t\t\t\t\t\t<div class=\"elementor-element elementor-element-0a516a2 elementor-widget elementor-widget-spacer\" data-id=\"0a516a2\" data-element_type=\"widget\" data-e-type=\"widget\" data-widget_type=\"spacer.default\">\n\t\t\t\t<div class=\"elementor-widget-container\">\n\t\t\t\t\t\t\t<div class=\"elementor-spacer\">\n\t\t\t<div class=\"elementor-spacer-inner\"><\/div>\n\t\t<\/div>\n\t\t\t\t\t\t<\/div>\n\t\t\t\t<\/div>\n\t\t\t\t<div class=\"elementor-element elementor-element-3ff05ed elementor-widget elementor-widget-heading\" data-id=\"3ff05ed\" data-element_type=\"widget\" data-e-type=\"widget\" data-widget_type=\"heading.default\">\n\t\t\t\t<div class=\"elementor-widget-container\">\n\t\t\t\t\t<h2 class=\"elementor-heading-title elementor-size-default\">Nadaljnje branje<\/h2>\t\t\t\t<\/div>\n\t\t\t\t<\/div>\n\t\t\t\t<div class=\"elementor-element elementor-element-86c9792 elementor-widget elementor-widget-text-editor\" data-id=\"86c9792\" data-element_type=\"widget\" data-e-type=\"widget\" data-widget_type=\"text-editor.default\">\n\t\t\t\t<div class=\"elementor-widget-container\">\n\t\t\t\t\t\t\t\t\t<p><span style=\"color: #ffffff;\"><strong>ZNANSTVENI \u010cLANKI IN POGLAVJA V KNJIGAH<\/strong><\/span><\/p>\t\t\t\t\t\t\t\t<\/div>\n\t\t\t\t<\/div>\n\t\t\t\t<div class=\"elementor-element elementor-element-2ed3fa7 elementor-widget elementor-widget-text-editor\" data-id=\"2ed3fa7\" data-element_type=\"widget\" data-e-type=\"widget\" data-widget_type=\"text-editor.default\">\n\t\t\t\t<div class=\"elementor-widget-container\">\n\t\t\t\t\t\t\t\t\t<p><strong><a href=\"https:\/\/link.springer.com\/chapter\/10.1007\/978-3-030-84091-4_6\">Ku\u00e7edra&#8217;s Waterways: Restoring Authority and Building Vitality<\/a><\/strong><span dir=\"ltr\" style=\"left: 398.501px; top: 338.675px; font-size: 15 px; font-family: jost; transform: scaleX(1.10487);\" role=\"presentation\"><br \/><\/span><\/p><p><span dir=\"ltr\" style=\"left: 398.501px; top: 338.675px; font-family: jost; transform: scaleX(1.10487); color: #ffffff;\" role=\"presentation\"><span style=\"font-family: var( --e-global-typography-text-font-family ), Sans-serif; font-weight: var( --e-global-typography-text-font-weight );\">Poglavje v knjigi<\/span>\u00a0<em>Remitting, Restoring and Building Contemporary Albania<\/em> (2021).<br \/><\/span><\/p><p style=\"text-align: left;\"><span style=\"color: #ffffff;\">Celotno poglavje je na voljo <\/span><a href=\"https:\/\/lukaivartnik.com\/wp-content\/uploads\/2022\/07\/Kucedras-Waterways-Restoring-Authority-and-Building-Vitality-Unicode-Encoding-Conflict.pdf\">tukaj.<\/a><\/p>\t\t\t\t\t\t\t\t<\/div>\n\t\t\t\t<\/div>\n\t\t\t\t<div class=\"elementor-element elementor-element-6e6baf7 elementor-widget elementor-widget-text-editor\" data-id=\"6e6baf7\" data-element_type=\"widget\" data-e-type=\"widget\" data-widget_type=\"text-editor.default\">\n\t\t\t\t<div class=\"elementor-widget-container\">\n\t\t\t\t\t\t\t\t\t<p><strong><a href=\"https:\/\/www.tandfonline.com\/doi\/full\/10.1080\/22797254.2020.1811776\">Fluvial gravel bar mapping with spectral signal mixture analysis<\/a><\/strong><\/p><p><span style=\"color: #ffffff;\">Znanstveni \u010dlanek o metodi za spremljanje prodi\u0161\u010d, objavljen v reviji <em><i>European Journal of Remote Sensing <\/i><\/em>(2021).<\/span><\/p>\t\t\t\t\t\t\t\t<\/div>\n\t\t\t\t<\/div>\n\t\t\t\t<div class=\"elementor-element elementor-element-8311c34 elementor-widget elementor-widget-text-editor\" data-id=\"8311c34\" data-element_type=\"widget\" data-e-type=\"widget\" data-widget_type=\"text-editor.default\">\n\t\t\t\t<div class=\"elementor-widget-container\">\n\t\t\t\t\t\t\t\t\t<p><strong><a href=\"https:\/\/www.sciencedirect.com\/science\/article\/pii\/S0143622817304095\">Linking geomorphological and demographic movements: The case of Southern Albania<\/a><\/strong><\/p>\n<p><span style=\"color: #ffffff;\">Znanstveni \u010dlanek, objavljen v reviji <em>Applied Geography<\/em> (2018).<\/span><\/p>\t\t\t\t\t\t\t\t<\/div>\n\t\t\t\t<\/div>\n\t\t\t\t<div class=\"elementor-element elementor-element-f72a8f2 elementor-widget elementor-widget-text-editor\" data-id=\"f72a8f2\" data-element_type=\"widget\" data-e-type=\"widget\" data-widget_type=\"text-editor.default\">\n\t\t\t\t<div class=\"elementor-widget-container\">\n\t\t\t\t\t\t\t\t\t<p><span style=\"color: #ffffff;\"><strong>PORO\u010cILA<\/strong><\/span><\/p>\t\t\t\t\t\t\t\t<\/div>\n\t\t\t\t<\/div>\n\t\t\t\t<div class=\"elementor-element elementor-element-a98848b elementor-widget elementor-widget-text-editor\" data-id=\"a98848b\" data-element_type=\"widget\" data-e-type=\"widget\" data-widget_type=\"text-editor.default\">\n\t\t\t\t<div class=\"elementor-widget-container\">\n\t\t\t\t\t\t\t\t\t<p><span style=\"color: #ffffff;\">Zaklju\u010dno poro\u010dilov sklopu projekta &#8220;<strong><a href=\"https:\/\/riverchange.zrc-sazu.si\/slo\/wp-content\/uploads\/2022\/12\/EOcontext_report_FR_final.pdf\">Contextualization of EO data for a deeper understanding of river environment changes in Southeast Europe<\/a><\/strong>&#8220;, <\/span><span style=\"color: #ffffff;\"><span style=\"color: #808080;\"><span style=\"color: #ffffff;\">(2022).<\/span><\/span><br \/><\/span><\/p>\t\t\t\t\t\t\t\t<\/div>\n\t\t\t\t<\/div>\n\t\t\t\t<div class=\"elementor-element elementor-element-9c3682b elementor-widget elementor-widget-text-editor\" data-id=\"9c3682b\" data-element_type=\"widget\" data-e-type=\"widget\" data-widget_type=\"text-editor.default\">\n\t\t\t\t<div class=\"elementor-widget-container\">\n\t\t\t\t\t\t\t\t\t<p><span style=\"color: #ffffff;\"><strong>PREZENTACIJE NA KONFERENCAH IN POSTERJI<\/strong><\/span><\/p>\t\t\t\t\t\t\t\t<\/div>\n\t\t\t\t<\/div>\n\t\t\t\t<div class=\"elementor-element elementor-element-6093f94 elementor-widget elementor-widget-text-editor\" data-id=\"6093f94\" data-element_type=\"widget\" data-e-type=\"widget\" data-widget_type=\"text-editor.default\">\n\t\t\t\t<div class=\"elementor-widget-container\">\n\t\t\t\t\t\t\t\t\t<p><span style=\"color: #ffffff;\"><strong><a href=\"https:\/\/sdzv-drustvo.si\/wp-content\/uploads\/2022\/11\/14-vd2022-stancic-pdf.pdf\">Razumevanje sprememb v re\u010dnih okoljih s prepletanjem daljinskega zaznavanja in antropolo\u0161kih raziskav<\/a> <\/strong><\/span><\/p><p><span style=\"color: #ffffff;\">Predavanje na konferenci <em>Vodni dnevi<\/em>, Rimske Toplice, oktober 2022.<strong><br \/><\/strong><\/span><\/p>\t\t\t\t\t\t\t\t<\/div>\n\t\t\t\t<\/div>\n\t\t\t\t<div class=\"elementor-element elementor-element-a857c23 elementor-widget elementor-widget-text-editor\" data-id=\"a857c23\" data-element_type=\"widget\" data-e-type=\"widget\" data-widget_type=\"text-editor.default\">\n\t\t\t\t<div class=\"elementor-widget-container\">\n\t\t\t\t\t\t\t\t\t<p><span style=\"color: #ffffff;\"><strong><a href=\"https:\/\/vanda.univie.ac.at\/fileadmin\/user_upload\/k_vanda\/Sessions\/Sessions_2020\/Session_2022\/Session_19.pdf\">Intersecting big and thick data: Some approaches to the study of riverine environments\u00a0<\/a><\/strong><\/span><\/p><p><span style=\"color: #ffffff;\">Predstavitev na konferenci <em>Vienna Anthropology Days<\/em>, Dunaj (Avstrija), september 2022.<strong><br \/><\/strong><\/span><\/p>\t\t\t\t\t\t\t\t<\/div>\n\t\t\t\t<\/div>\n\t\t\t\t<div class=\"elementor-element elementor-element-763e296 elementor-widget elementor-widget-text-editor\" data-id=\"763e296\" data-element_type=\"widget\" data-e-type=\"widget\" data-widget_type=\"text-editor.default\">\n\t\t\t\t<div class=\"elementor-widget-container\">\n\t\t\t\t\t\t\t\t\t<p><span style=\"color: #ffffff;\"><a href=\"https:\/\/lukaivartnik.com\/wp-content\/uploads\/2022\/07\/LPS22_Kanjir_small.pdf\"><strong>Human and natural processes both induce changes along rivers: The cases of Mura (Slovenia) and Vjosa (Albania)<\/strong><\/a><\/span><\/p><p><span style=\"color: #ffffff;\">Predstavitev posterja na <i>Living Planet Symposium<\/i>, Bonn (Nem\u010dija), maj 2022.<\/span><\/p>\t\t\t\t\t\t\t\t<\/div>\n\t\t\t\t<\/div>\n\t\t\t\t<div class=\"elementor-element elementor-element-485b2ed elementor-widget elementor-widget-text-editor\" data-id=\"485b2ed\" data-element_type=\"widget\" data-e-type=\"widget\" data-widget_type=\"text-editor.default\">\n\t\t\t\t<div class=\"elementor-widget-container\">\n\t\t\t\t\t\t\t\t\t<p><span style=\"color: #ffffff;\"><strong>Continuity and Change in Vjosa River Valley, Southern Albania<\/strong><\/span><\/p><p><span style=\"color: #ffffff;\">Predstavitev na konferenci <em>Experiencing climate and environmental changes in and beyond Europe<\/em>, Ljubljana, maj 2022.<\/span><\/p>\t\t\t\t\t\t\t\t<\/div>\n\t\t\t\t<\/div>\n\t\t\t\t<div class=\"elementor-element elementor-element-2380faf elementor-widget elementor-widget-text-editor\" data-id=\"2380faf\" data-element_type=\"widget\" data-e-type=\"widget\" data-widget_type=\"text-editor.default\">\n\t\t\t\t<div class=\"elementor-widget-container\">\n\t\t\t\t\t\t\t\t\t<p><span style=\"color: #ffffff;\"><strong>INTERVJUJI<\/strong><\/span><\/p>\t\t\t\t\t\t\t\t<\/div>\n\t\t\t\t<\/div>\n\t\t\t\t<div class=\"elementor-element elementor-element-01028f5 elementor-widget elementor-widget-text-editor\" data-id=\"01028f5\" data-element_type=\"widget\" data-e-type=\"widget\" data-widget_type=\"text-editor.default\">\n\t\t\t\t<div class=\"elementor-widget-container\">\n\t\t\t\t\t\t\t\t\t<p><span style=\"color: #ffffff;\"><a href=\"https:\/\/www.balcanicaucaso.org\/aree\/Slovenia\/Vjosa-e-Mura-ritratto-di-due-fiumi-diversi-222579?fbclid=IwAR1Rj9mth_ByiVq0QSkMIMyo8V1w0_xV9OdqnPL1Zus4h_kLMhf2OG5cclE\"><strong>Vjosa and Mura, portrait of two different rivers<\/strong><\/a>\u00a0<\/span><\/p><p><span style=\"color: #ffffff;\"><span style=\"color: #808080;\"><span style=\"color: #ffffff;\"><em>Observatorio Balcani e Caucaso, Transeuropa<\/em> (Jan 2023) (v italijan\u0161\u010dini).<\/span><\/span><br \/><\/span><\/p>\t\t\t\t\t\t\t\t<\/div>\n\t\t\t\t<\/div>\n\t\t\t\t<div class=\"elementor-element elementor-element-b58fe66 elementor-widget elementor-widget-text-editor\" data-id=\"b58fe66\" data-element_type=\"widget\" data-e-type=\"widget\" data-widget_type=\"text-editor.default\">\n\t\t\t\t<div class=\"elementor-widget-container\">\n\t\t\t\t\t\t\t\t\t<p><a href=\"https:\/\/radiostudent.si\/politika\/offsajd\/nic-hidroelektrarn-na-vjosi\"><strong>Intervju o hidroelektrarnah na Vjosi<\/strong><\/a> <span style=\"color: #ffffff;\">na Radiu \u0160tudent (14. 6. 2022).<\/span><\/p>\t\t\t\t\t\t\t\t<\/div>\n\t\t\t\t<\/div>\n\t\t\t\t<div class=\"elementor-element elementor-element-4f450d8 elementor-widget elementor-widget-text-editor\" data-id=\"4f450d8\" data-element_type=\"widget\" data-e-type=\"widget\" data-widget_type=\"text-editor.default\">\n\t\t\t\t<div class=\"elementor-widget-container\">\n\t\t\t\t\t\t\t\t\t<p><span style=\"color: #ffffff;\"><a href=\"https:\/\/balkaninsight.com\/2022\/03\/22\/albanian-villagers-still-fear-dam-threat-to-wild-river\/\"><strong>Albanian Villagers Still Fear Dam Threat to Wild River<\/strong>\u00a0<\/a><\/span><\/p><p><span style=\"color: #ffffff;\"><span style=\"color: #808080;\"><span style=\"color: #ffffff;\">\u010clanek v <em>Balkan Insight<\/em>(2022).<\/span><\/span><br \/><\/span><\/p>\t\t\t\t\t\t\t\t<\/div>\n\t\t\t\t<\/div>\n\t\t\t\t\t<\/div>\n\t\t<\/div>\n\t\t\t\t\t<\/div>\n\t\t<\/section>\n\t\t\t\t<section class=\"elementor-section elementor-top-section elementor-element elementor-element-bb72651 elementor-section-boxed elementor-section-height-default elementor-section-height-default\" data-id=\"bb72651\" data-element_type=\"section\" data-e-type=\"section\">\n\t\t\t\t\t\t<div class=\"elementor-container elementor-column-gap-default\">\n\t\t\t\t\t<div class=\"elementor-column elementor-col-100 elementor-top-column elementor-element elementor-element-64af45f\" data-id=\"64af45f\" data-element_type=\"column\" data-e-type=\"column\">\n\t\t\t<div class=\"elementor-widget-wrap elementor-element-populated\">\n\t\t\t\t\t\t<div class=\"elementor-element elementor-element-f7d6245 elementor-widget elementor-widget-spacer\" data-id=\"f7d6245\" data-element_type=\"widget\" data-e-type=\"widget\" data-widget_type=\"spacer.default\">\n\t\t\t\t<div class=\"elementor-widget-container\">\n\t\t\t\t\t\t\t<div class=\"elementor-spacer\">\n\t\t\t<div class=\"elementor-spacer-inner\"><\/div>\n\t\t<\/div>\n\t\t\t\t\t\t<\/div>\n\t\t\t\t<\/div>\n\t\t\t\t\t<\/div>\n\t\t<\/div>\n\t\t\t\t\t<\/div>\n\t\t<\/section>\n\t\t\t\t<\/div>\n\t\t","protected":false},"excerpt":{"rendered":"<p>Nadaljnje branje ZNANSTVENI \u010cLANKI IN POGLAVJA V KNJIGAH Ku\u00e7edra&#8217;s Waterways: Restoring Authority and Building Vitality Poglavje v knjigi\u00a0Remitting, Restoring and Building Contemporary Albania (2021). Celotno poglavje je na voljo tukaj. Fluvial gravel bar mapping with spectral signal mixture analysis Znanstveni \u010dlanek o metodi za spremljanje prodi\u0161\u010d, objavljen v reviji European Journal of Remote Sensing (2021). [&hellip;]<\/p>\n","protected":false},"author":2,"featured_media":0,"parent":0,"menu_order":0,"comment_status":"closed","ping_status":"closed","template":"elementor_header_footer","meta":{"footnotes":""},"class_list":["post-5632","page","type-page","status-publish","hentry"],"_links":{"self":[{"href":"https:\/\/riverchange.zrc-sazu.si\/slo\/wp-json\/wp\/v2\/pages\/5632","targetHints":{"allow":["GET"]}}],"collection":[{"href":"https:\/\/riverchange.zrc-sazu.si\/slo\/wp-json\/wp\/v2\/pages"}],"about":[{"href":"https:\/\/riverchange.zrc-sazu.si\/slo\/wp-json\/wp\/v2\/types\/page"}],"author":[{"embeddable":true,"href":"https:\/\/riverchange.zrc-sazu.si\/slo\/wp-json\/wp\/v2\/users\/2"}],"replies":[{"embeddable":true,"href":"https:\/\/riverchange.zrc-sazu.si\/slo\/wp-json\/wp\/v2\/comments?post=5632"}],"version-history":[{"count":38,"href":"https:\/\/riverchange.zrc-sazu.si\/slo\/wp-json\/wp\/v2\/pages\/5632\/revisions"}],"predecessor-version":[{"id":5873,"href":"https:\/\/riverchange.zrc-sazu.si\/slo\/wp-json\/wp\/v2\/pages\/5632\/revisions\/5873"}],"wp:attachment":[{"href":"https:\/\/riverchange.zrc-sazu.si\/slo\/wp-json\/wp\/v2\/media?parent=5632"}],"curies":[{"name":"wp","href":"https:\/\/api.w.org\/{rel}","templated":true}]}}