{"id":337,"date":"2022-02-22T21:06:48","date_gmt":"2022-02-22T21:06:48","guid":{"rendered":"https:\/\/riverchange.zrc-sazu.si\/?page_id=337"},"modified":"2022-11-22T12:17:32","modified_gmt":"2022-11-22T12:17:32","slug":"about-the-project","status":"publish","type":"page","link":"https:\/\/riverchange.zrc-sazu.si\/slo\/about-the-project\/","title":{"rendered":"About the project"},"content":{"rendered":"\t\t<div data-elementor-type=\"wp-page\" data-elementor-id=\"337\" class=\"elementor elementor-337\">\n\t\t\t\t\t\t<section class=\"elementor-section elementor-top-section elementor-element elementor-element-1b4eb76 elementor-section-boxed elementor-section-height-default elementor-section-height-default\" data-id=\"1b4eb76\" data-element_type=\"section\" data-e-type=\"section\" data-settings=\"{&quot;background_background&quot;:&quot;video&quot;,&quot;background_video_link&quot;:&quot;https:\\\/\\\/youtu.be\\\/8eUnX9uiYbI&quot;}\">\n\t\t\t\t\t\t\t\t<div class=\"elementor-background-video-container elementor-hidden-mobile\">\n\t\t\t\t\t\t\t\t\t\t\t\t\t<div class=\"elementor-background-video-embed\" role=\"presentation\"><\/div>\n\t\t\t\t\t\t\t\t\t\t\t\t<\/div>\n\t\t\t\t\t\t\t\t<div class=\"elementor-container elementor-column-gap-default\">\n\t\t\t\t\t<div class=\"elementor-column elementor-col-100 elementor-top-column elementor-element elementor-element-c052082\" data-id=\"c052082\" data-element_type=\"column\" data-e-type=\"column\">\n\t\t\t<div class=\"elementor-widget-wrap elementor-element-populated\">\n\t\t\t\t\t\t<div class=\"elementor-element elementor-element-0a516a2 elementor-widget elementor-widget-spacer\" data-id=\"0a516a2\" data-element_type=\"widget\" data-e-type=\"widget\" data-widget_type=\"spacer.default\">\n\t\t\t\t<div class=\"elementor-widget-container\">\n\t\t\t\t\t\t\t<div class=\"elementor-spacer\">\n\t\t\t<div class=\"elementor-spacer-inner\"><\/div>\n\t\t<\/div>\n\t\t\t\t\t\t<\/div>\n\t\t\t\t<\/div>\n\t\t\t\t<div class=\"elementor-element elementor-element-3ff05ed elementor-widget elementor-widget-heading\" data-id=\"3ff05ed\" data-element_type=\"widget\" data-e-type=\"widget\" data-widget_type=\"heading.default\">\n\t\t\t\t<div class=\"elementor-widget-container\">\n\t\t\t\t\t<h2 class=\"elementor-heading-title elementor-size-default\">O projektu<\/h2>\t\t\t\t<\/div>\n\t\t\t\t<\/div>\n\t\t\t\t<div class=\"elementor-element elementor-element-04fd754 elementor-widget elementor-widget-text-editor\" data-id=\"04fd754\" data-element_type=\"widget\" data-e-type=\"widget\" data-widget_type=\"text-editor.default\">\n\t\t\t\t<div class=\"elementor-widget-container\">\n\t\t\t\t\t\t\t\t\t<p><span style=\"font-weight: 400;\">RE\u010cNA OKOLJA zemljevidijo in portretirajo mnogotere preplete med \u010dlove\u0161kimi (ljudje) in ne\u010dlove\u0161kimi (reka, \u017eivali, rastline) procesi in z njimi povezanimi posegi. Raziskujejo, kako ti procesi in posegi spreminjajo pore\u010dje rek Mure in Vjose ter kako tovrstne spremembe kot tudi stalnice vplivajo na \u017eivljenje ljudi ob omenjenih rekah. V zadnjih desetletjih, slede\u010d\u00a0 t. i. zlati mrzlici na rekah jugovzhodne Evrope ali Balkana, \u0161tevilne transnacionalne korporacije v sodelovanju z lokalnimi politikami na\u010drtujejo graditev okoli 3000 hidroelektrarn, med katerimi je vsaj 10 na\u010drtovanih na reki Muri, 40 pa na reki Vjosi. Po desetletju predanega dela in prizadevanja lokalnih prebivalcev, albanskih nevladnih organizacij (NGO) <a href=\"http:\/\/www.ecoalbania.org\/sq\/kreu\/\">EcoAlbania<\/a> in drugih mednarodnih nevladnih organizacij (<a href=\"https:\/\/riverwatch.eu\/\">RiverWatch<\/a>, <a href=\"https:\/\/www.euronatur.org\/en\">Euronatur<\/a> in <a href=\"https:\/\/balkanriverdefence.org\/\">Balkan River Defence<\/a>), je bil dne 13. junija 2022, da bi zavarovali Vjoso pred zgoraj omenjenimi infrastrukturnimi posegi, podpisan <a href=\"https:\/\/www.ecoalbania.org\/en\/2022\/06\/13\/albanian-government-signs-commitment-to-establish-a-vjosa-wild-river-national-park\/\">memorandum med Ministrstvom za turizem in okolje Albanije in Patagonijo<\/a>, podjetjem z opremo za aktivnosti na prostem. S tem se je albanska vlada obvezala, da bo reko Vjoso razglasila za nacionalni park Albanije.<\/span><\/p><p><span style=\"font-weight: 400;\">Kljub temu je zaradi vse ve\u010dje globalne energetske in ekonomske krize \u0161e vedno v na\u010drtu izgradnja \u0161tevilnih hidrocentral \u0161irom jugovzhodne Evrope. \u0160tevilni okoljevarstveniki, aktivisti in raziskovalci (npr. <a href=\"https:\/\/www.balkanrivers.net\/en\">Save the Blue Heart of Europe<\/a>) opozarjajo na dolgotrajne posledice, kot so sprememba re\u010dne morfologije, biodiverzitete, razmestitev lokalnega prebivalstva, ki jih bodo povzro\u010dili tovrstni infrastrukturni posegi.\u00a0<\/span><\/p><p><span style=\"font-weight: 400;\">S kombinacijo analiz daljinskega zaznavanja, antropolo\u0161ke in geografske raziskave RE\u010cNA OKOLJA pomagajo razumeti,\u00a0kako lahko infrastrukturni in drugi posegi na doslej sorazmerno zajezeni reki Muri spremenijo re\u010dno okolje na trenutno \u0161e nezajezenih ali pa delno zajezenih rekah<\/span><span style=\"font-weight: 400;\">\u00a0v jugovzhodni Evropi.<\/span><\/p>\t\t\t\t\t\t\t\t<\/div>\n\t\t\t\t<\/div>\n\t\t\t\t<div class=\"elementor-element elementor-element-93aeff5 elementor-widget elementor-widget-text-editor\" data-id=\"93aeff5\" data-element_type=\"widget\" data-e-type=\"widget\" data-widget_type=\"text-editor.default\">\n\t\t\t\t<div class=\"elementor-widget-container\">\n\t\t\t\t\t\t\t\t\t<p><span style=\"font-weight: bolder;\">Avtorske pravice<\/span><\/p><p>Zasnova razstave: Ur\u0161a Kanjir, Nata\u0161a Gregori\u010d Bon, Liza Stan\u010di\u010d<\/p><p>Avtorji besedil: Nata\u0161a Gregori\u010d Bon, Ur\u0161a Kanjir, Liza Stan\u010di\u010d, Damir Josipovi\u010d<\/p><p>Ilustracije in svetovanje pri oblikovanju: Natalija Kra\u0161evec<\/p><p>Tehni\u010dna implementacija: Luka Ivartnik<\/p><p>Lektoriranje: Marie-Luise Kartunen, Barbara Pav\u010dnik<\/p><p>Prevod v alban\u0161\u010dino: Armanda Kodra\u00a0Hysa, Blerina Tahiraj<\/p><div><div>Kratki filmi Mura: Simona Kuntari\u010d\u00a0Zupanc, Ur\u0161a Kanjir, Liza Stan\u010di\u010d, Damir Josipovi\u010d<\/div><div>Kratki filmi Vjosa: Simona Kuntari\u010d\u00a0Zupanc, Nata\u0161a Gregori\u010d Bon<\/div><div>Fotografije: Liza Stan\u010di\u010d, Nata\u0161a Gregori\u010d Bon, Ur\u0161a Kanjir, Damir Josipovi\u010d, Aleksander Marin\u0161ek, Mitja Skudnik, Simona Kuntari\u010d Zupanc, Alenka Janko Spreizer, EcoAlbania, Adrian Guri, Christopher Hauer<\/div><\/div><div>\u00a0<\/div><div><div><div>Iskrena hvala prebivalcem doline Vjose, predvsem Permeta, Qesarata, Ilirasa, Kute, Selenice in Armena (v Albaniji) ter prebivalcem krajev ob Muri, predvsem Hotize in Cer\u0161aka (\u0161e posebej babici Marici), ki so z nami delili svoj \u010das, izku\u0161nje in zgodbe o rekah. Hvala tudi sodelavcem na In\u0161titutu za antropolo\u0161ke in prostorske \u0161tudije za dolgoletno podporo na na\u0161i poti iskanja in sre\u010devanja dveh razli\u010dnih metodologij in disciplin, kot sta antropologija in daljinsko zaznavanje. Iskrena hvala nevladnimi organizacijam EcoAlbania, RiverWatch, Balkan River Defence in Moja Mura za nasvete in podporo tekom razli\u010dnih faz snovanja in postavljanja te razstave. Zahvale tudi Nata\u0161i Rogelja Caf in Martini Bofulin, In\u0161titut za Slovensko izseljenstvo in migracije, ZRC SAZU, za pomo\u010d in nasvete glede snovanja in oblikovanja danih spletnih strani. Hvala Primo\u017eu Ga\u0161peri\u010du z Geografskega in\u0161tituta Antona Melika ZRC SAZU za pomo\u010d pri zgodovinskih zemljevidih. Hvala Anji Serec Hod\u017ear in drugim kolegom z Glasbenonarodopisnega in\u0161tituta ZRC SAZU, ki so nas seznanili z ljudsko glasbo na obmo\u010dju Mure, ter Grupi Poni za prispevek njihove pesmi na obmo\u010dju Vjose. Hvala Alenki Janko Spreizer za fotografije skupnega terenskega obiska delte Vjose. Hvala <a href=\"https:\/\/www.esa.int\/\">ESA<\/a> in <a href=\"http:\/\/www.arrs.si\/sl\/\">ARRS<\/a> za finan\u010dno podporo v okviru projektov ESA 4000130071\/20\/I-DT, ARRS J6-1803, ARRS P6-0079.\u00a0<\/div><div>\u00a0<\/div><div>In\u0161titut za antropolo\u0161ke in prostorske \u0161tudije, ZRC SAZU, Ljubljana, 2022<\/div><\/div><\/div>\t\t\t\t\t\t\t\t<\/div>\n\t\t\t\t<\/div>\n\t\t\t\t\t<\/div>\n\t\t<\/div>\n\t\t\t\t\t<\/div>\n\t\t<\/section>\n\t\t\t\t<section class=\"elementor-section elementor-top-section elementor-element elementor-element-bb72651 elementor-section-boxed elementor-section-height-default elementor-section-height-default\" data-id=\"bb72651\" data-element_type=\"section\" data-e-type=\"section\">\n\t\t\t\t\t\t<div class=\"elementor-container elementor-column-gap-default\">\n\t\t\t\t\t<div class=\"elementor-column elementor-col-100 elementor-top-column elementor-element elementor-element-64af45f\" data-id=\"64af45f\" data-element_type=\"column\" data-e-type=\"column\">\n\t\t\t<div class=\"elementor-widget-wrap elementor-element-populated\">\n\t\t\t\t\t\t<div class=\"elementor-element elementor-element-f7d6245 elementor-widget elementor-widget-spacer\" data-id=\"f7d6245\" data-element_type=\"widget\" data-e-type=\"widget\" data-widget_type=\"spacer.default\">\n\t\t\t\t<div class=\"elementor-widget-container\">\n\t\t\t\t\t\t\t<div class=\"elementor-spacer\">\n\t\t\t<div class=\"elementor-spacer-inner\"><\/div>\n\t\t<\/div>\n\t\t\t\t\t\t<\/div>\n\t\t\t\t<\/div>\n\t\t\t\t\t<\/div>\n\t\t<\/div>\n\t\t\t\t\t<\/div>\n\t\t<\/section>\n\t\t\t\t<\/div>\n\t\t","protected":false},"excerpt":{"rendered":"<p>O projektu RE\u010cNA OKOLJA zemljevidijo in portretirajo mnogotere preplete med \u010dlove\u0161kimi (ljudje) in ne\u010dlove\u0161kimi (reka, \u017eivali, rastline) procesi in z njimi povezanimi posegi. Raziskujejo, kako ti procesi in posegi spreminjajo pore\u010dje rek Mure in Vjose ter kako tovrstne spremembe kot tudi stalnice vplivajo na \u017eivljenje ljudi ob omenjenih rekah. V zadnjih desetletjih, slede\u010d\u00a0 t. i. [&hellip;]<\/p>\n","protected":false},"author":1,"featured_media":0,"parent":0,"menu_order":0,"comment_status":"closed","ping_status":"closed","template":"elementor_header_footer","meta":{"footnotes":""},"class_list":["post-337","page","type-page","status-publish","hentry"],"_links":{"self":[{"href":"https:\/\/riverchange.zrc-sazu.si\/slo\/wp-json\/wp\/v2\/pages\/337","targetHints":{"allow":["GET"]}}],"collection":[{"href":"https:\/\/riverchange.zrc-sazu.si\/slo\/wp-json\/wp\/v2\/pages"}],"about":[{"href":"https:\/\/riverchange.zrc-sazu.si\/slo\/wp-json\/wp\/v2\/types\/page"}],"author":[{"embeddable":true,"href":"https:\/\/riverchange.zrc-sazu.si\/slo\/wp-json\/wp\/v2\/users\/1"}],"replies":[{"embeddable":true,"href":"https:\/\/riverchange.zrc-sazu.si\/slo\/wp-json\/wp\/v2\/comments?post=337"}],"version-history":[{"count":112,"href":"https:\/\/riverchange.zrc-sazu.si\/slo\/wp-json\/wp\/v2\/pages\/337\/revisions"}],"predecessor-version":[{"id":5807,"href":"https:\/\/riverchange.zrc-sazu.si\/slo\/wp-json\/wp\/v2\/pages\/337\/revisions\/5807"}],"wp:attachment":[{"href":"https:\/\/riverchange.zrc-sazu.si\/slo\/wp-json\/wp\/v2\/media?parent=337"}],"curies":[{"name":"wp","href":"https:\/\/api.w.org\/{rel}","templated":true}]}}