{"id":17,"date":"2022-02-21T14:43:27","date_gmt":"2022-02-21T14:43:27","guid":{"rendered":"https:\/\/riverchange.zrc-sazu.si\/?page_id=17"},"modified":"2023-10-11T07:47:11","modified_gmt":"2023-10-11T07:47:11","slug":"river-change-homepage","status":"publish","type":"page","link":"https:\/\/riverchange.zrc-sazu.si\/shqip\/","title":{"rendered":"Riverine Environments Following Mura and Vjosa"},"content":{"rendered":"\t\t<div data-elementor-type=\"wp-page\" data-elementor-id=\"17\" class=\"elementor elementor-17\">\n\t\t\t\t\t\t<section class=\"elementor-section elementor-top-section elementor-element elementor-element-88e6480 elementor-section-full_width elementor-section-height-full elementor-section-height-default elementor-section-items-middle\" data-id=\"88e6480\" data-element_type=\"section\" data-e-type=\"section\" data-settings=\"{&quot;background_background&quot;:&quot;video&quot;,&quot;background_video_link&quot;:&quot;https:\\\/\\\/youtu.be\\\/8eUnX9uiYbI&quot;,&quot;background_play_on_mobile&quot;:&quot;yes&quot;}\">\n\t\t\t\t\t\t\t\t<div class=\"elementor-background-video-container\">\n\t\t\t\t\t\t\t\t\t\t\t\t\t<div class=\"elementor-background-video-embed\" role=\"presentation\"><\/div>\n\t\t\t\t\t\t\t\t\t\t\t\t<\/div>\n\t\t\t\t\t\t\t\t<div class=\"elementor-container elementor-column-gap-default\">\n\t\t\t\t\t<div class=\"elementor-column elementor-col-100 elementor-top-column elementor-element elementor-element-f77dc72\" data-id=\"f77dc72\" data-element_type=\"column\" data-e-type=\"column\">\n\t\t\t<div class=\"elementor-widget-wrap elementor-element-populated\">\n\t\t\t\t\t\t<section class=\"elementor-section elementor-inner-section elementor-element elementor-element-93a51fd elementor-section-boxed elementor-section-height-default elementor-section-height-default\" data-id=\"93a51fd\" data-element_type=\"section\" data-e-type=\"section\">\n\t\t\t\t\t\t<div class=\"elementor-container elementor-column-gap-default\">\n\t\t\t\t\t<div class=\"elementor-column elementor-col-100 elementor-inner-column elementor-element elementor-element-a66f158\" data-id=\"a66f158\" data-element_type=\"column\" data-e-type=\"column\">\n\t\t\t<div class=\"elementor-widget-wrap elementor-element-populated\">\n\t\t\t\t\t\t<div class=\"elementor-element elementor-element-1d5570a elementor-widget elementor-widget-spacer\" data-id=\"1d5570a\" data-element_type=\"widget\" data-e-type=\"widget\" data-widget_type=\"spacer.default\">\n\t\t\t\t<div class=\"elementor-widget-container\">\n\t\t\t\t\t\t\t<div class=\"elementor-spacer\">\n\t\t\t<div class=\"elementor-spacer-inner\"><\/div>\n\t\t<\/div>\n\t\t\t\t\t\t<\/div>\n\t\t\t\t<\/div>\n\t\t\t\t<div class=\"elementor-element elementor-element-2527d0f elementor-widget elementor-widget-spacer\" data-id=\"2527d0f\" data-element_type=\"widget\" data-e-type=\"widget\" data-widget_type=\"spacer.default\">\n\t\t\t\t<div class=\"elementor-widget-container\">\n\t\t\t\t\t\t\t<div class=\"elementor-spacer\">\n\t\t\t<div class=\"elementor-spacer-inner\"><\/div>\n\t\t<\/div>\n\t\t\t\t\t\t<\/div>\n\t\t\t\t<\/div>\n\t\t\t\t<div class=\"elementor-element elementor-element-0b40467 elementor-widget elementor-widget-heading\" data-id=\"0b40467\" data-element_type=\"widget\" data-e-type=\"widget\" data-widget_type=\"heading.default\">\n\t\t\t\t<div class=\"elementor-widget-container\">\n\t\t\t\t\t<h1 class=\"elementor-heading-title elementor-size-xxl\">MJEDISET LUMORE\n\nP\u00ebrgjat\u00eb Mur\u00ebs dhe Vjos\u00ebs\n<\/h1>\t\t\t\t<\/div>\n\t\t\t\t<\/div>\n\t\t\t\t\t<\/div>\n\t\t<\/div>\n\t\t\t\t\t<\/div>\n\t\t<\/section>\n\t\t\t\t<section class=\"elementor-section elementor-inner-section elementor-element elementor-element-8ef4272 elementor-section-boxed elementor-section-height-default elementor-section-height-default\" data-id=\"8ef4272\" data-element_type=\"section\" data-e-type=\"section\">\n\t\t\t\t\t\t<div class=\"elementor-container elementor-column-gap-default\">\n\t\t\t\t\t<div class=\"elementor-column elementor-col-100 elementor-inner-column elementor-element elementor-element-89c091e\" data-id=\"89c091e\" data-element_type=\"column\" data-e-type=\"column\">\n\t\t\t<div class=\"elementor-widget-wrap elementor-element-populated\">\n\t\t\t\t\t\t<div class=\"elementor-element elementor-element-431d86f elementor-widget elementor-widget-text-editor\" data-id=\"431d86f\" data-element_type=\"widget\" data-e-type=\"widget\" data-widget_type=\"text-editor.default\">\n\t\t\t\t<div class=\"elementor-widget-container\">\n\t\t\t\t\t\t\t\t\t<p>P\u00ebrgjat\u00eb Mur\u00ebs dhe Vjos\u00ebs hart\u00ebzon dhe portretizon se si ndryshimet dhe vazhdim\u00ebsit\u00eb e lumenjve Mura (Slloveni) dhe Vjosa (Shqip\u00ebri) strukturohen n\u00eb peizazhet lumore dhe mish\u00ebrohen n\u00eb jet\u00ebn e p\u00ebrditshme t\u00eb njer\u00ebzve q\u00eb banojn\u00eb n\u00eb to.<a href=\"https:\/\/riverchange.zrc-sazu.si\/shqip\/about-the-project\/\">&nbsp;More..<\/a><\/p>\t\t\t\t\t\t\t\t<\/div>\n\t\t\t\t<\/div>\n\t\t\t\t\t<\/div>\n\t\t<\/div>\n\t\t\t\t\t<\/div>\n\t\t<\/section>\n\t\t\t\t<div class=\"elementor-element elementor-element-325dff3 elementor-hidden-mobile elementor-widget elementor-widget-spacer\" data-id=\"325dff3\" data-element_type=\"widget\" data-e-type=\"widget\" data-widget_type=\"spacer.default\">\n\t\t\t\t<div class=\"elementor-widget-container\">\n\t\t\t\t\t\t\t<div class=\"elementor-spacer\">\n\t\t\t<div class=\"elementor-spacer-inner\"><\/div>\n\t\t<\/div>\n\t\t\t\t\t\t<\/div>\n\t\t\t\t<\/div>\n\t\t\t\t<div class=\"elementor-element elementor-element-2361b16 elementor-hidden-mobile elementor-widget elementor-widget-spacer\" data-id=\"2361b16\" data-element_type=\"widget\" data-e-type=\"widget\" data-widget_type=\"spacer.default\">\n\t\t\t\t<div class=\"elementor-widget-container\">\n\t\t\t\t\t\t\t<div class=\"elementor-spacer\">\n\t\t\t<div class=\"elementor-spacer-inner\"><\/div>\n\t\t<\/div>\n\t\t\t\t\t\t<\/div>\n\t\t\t\t<\/div>\n\t\t\t\t<section class=\"elementor-section elementor-inner-section elementor-element elementor-element-5070f64 elementor-section-height-min-height elementor-section-boxed elementor-section-height-default\" data-id=\"5070f64\" data-element_type=\"section\" data-e-type=\"section\">\n\t\t\t\t\t\t<div class=\"elementor-container elementor-column-gap-default\">\n\t\t\t\t\t<div class=\"elementor-column elementor-col-25 elementor-inner-column elementor-element elementor-element-63f3b6e\" data-id=\"63f3b6e\" data-element_type=\"column\" data-e-type=\"column\">\n\t\t\t<div class=\"elementor-widget-wrap\">\n\t\t\t\t\t\t\t<\/div>\n\t\t<\/div>\n\t\t\t\t<div class=\"elementor-column elementor-col-25 elementor-inner-column elementor-element elementor-element-c7cd49e\" data-id=\"c7cd49e\" data-element_type=\"column\" data-e-type=\"column\">\n\t\t\t<div class=\"elementor-widget-wrap elementor-element-populated\">\n\t\t\t\t\t\t<div class=\"elementor-element elementor-element-fa0cd2b elementor-align-center elementor-widget__width-inherit elementor-widget elementor-widget-button\" data-id=\"fa0cd2b\" data-element_type=\"widget\" data-e-type=\"widget\" data-widget_type=\"button.default\">\n\t\t\t\t<div class=\"elementor-widget-container\">\n\t\t\t\t\t\t\t\t\t<div class=\"elementor-button-wrapper\">\n\t\t\t\t\t<a class=\"elementor-button elementor-button-link elementor-size-lg\" href=\"https:\/\/riverchange.zrc-sazu.si\/shqip\/mura\/\">\n\t\t\t\t\t\t<span class=\"elementor-button-content-wrapper\">\n\t\t\t\t\t\t\t\t\t<span class=\"elementor-button-text\">Mura<\/span>\n\t\t\t\t\t<\/span>\n\t\t\t\t\t<\/a>\n\t\t\t\t<\/div>\n\t\t\t\t\t\t\t\t<\/div>\n\t\t\t\t<\/div>\n\t\t\t\t<div class=\"elementor-element elementor-element-0086927 elementor-widget elementor-widget-image\" data-id=\"0086927\" data-element_type=\"widget\" data-e-type=\"widget\" data-widget_type=\"image.default\">\n\t\t\t\t<div class=\"elementor-widget-container\">\n\t\t\t\t\t\t\t\t\t\t\t\t\t\t\t\t<a href=\"https:\/\/riverchange.zrc-sazu.si\/shqip\/mura\/\">\n\t\t\t\t\t\t\t<img decoding=\"async\" src=\"https:\/\/riverchange.zrc-sazu.si\/shqip\/wp-content\/uploads\/elementor\/thumbs\/1cover-page_mura-scaled-pnwcksi7el6jlecem5rr8acjnipdyiiwqqqb4825rs.jpg\" title=\"1cover page_mura\" alt=\"1cover page_mura\" class=\"elementor-animation-grow\" loading=\"lazy\" \/>\t\t\t\t\t\t\t\t<\/a>\n\t\t\t\t\t\t\t\t\t\t\t\t\t\t\t<\/div>\n\t\t\t\t<\/div>\n\t\t\t\t\t<\/div>\n\t\t<\/div>\n\t\t\t\t<div class=\"elementor-column elementor-col-25 elementor-inner-column elementor-element elementor-element-53d5675\" data-id=\"53d5675\" data-element_type=\"column\" data-e-type=\"column\">\n\t\t\t<div class=\"elementor-widget-wrap elementor-element-populated\">\n\t\t\t\t\t\t<div class=\"elementor-element elementor-element-5932d81 elementor-align-center elementor-widget__width-inherit elementor-widget elementor-widget-button\" data-id=\"5932d81\" data-element_type=\"widget\" data-e-type=\"widget\" data-widget_type=\"button.default\">\n\t\t\t\t<div class=\"elementor-widget-container\">\n\t\t\t\t\t\t\t\t\t<div class=\"elementor-button-wrapper\">\n\t\t\t\t\t<a class=\"elementor-button elementor-button-link elementor-size-lg\" href=\"https:\/\/riverchange.zrc-sazu.si\/shqip\/vjosa\/\">\n\t\t\t\t\t\t<span class=\"elementor-button-content-wrapper\">\n\t\t\t\t\t\t\t\t\t<span class=\"elementor-button-text\">Vjosa<\/span>\n\t\t\t\t\t<\/span>\n\t\t\t\t\t<\/a>\n\t\t\t\t<\/div>\n\t\t\t\t\t\t\t\t<\/div>\n\t\t\t\t<\/div>\n\t\t\t\t<div class=\"elementor-element elementor-element-cfbf378 elementor-widget elementor-widget-image\" data-id=\"cfbf378\" data-element_type=\"widget\" data-e-type=\"widget\" data-widget_type=\"image.default\">\n\t\t\t\t<div class=\"elementor-widget-container\">\n\t\t\t\t\t\t\t\t\t\t\t\t\t\t\t\t<a href=\"https:\/\/riverchange.zrc-sazu.si\/shqip\/vjosa-3\/\">\n\t\t\t\t\t\t\t<img decoding=\"async\" src=\"https:\/\/riverchange.zrc-sazu.si\/shqip\/wp-content\/uploads\/elementor\/thumbs\/2cover-page_vjosa2-pnwhswxd7wph7v333z6qrbcnopgzhqcy9v3puv4mgo.jpg\" title=\"2cover page_vjosa2\" alt=\"2cover page_vjosa2\" class=\"elementor-animation-grow\" loading=\"lazy\" \/>\t\t\t\t\t\t\t\t<\/a>\n\t\t\t\t\t\t\t\t\t\t\t\t\t\t\t<\/div>\n\t\t\t\t<\/div>\n\t\t\t\t\t<\/div>\n\t\t<\/div>\n\t\t\t\t<div class=\"elementor-column elementor-col-25 elementor-inner-column elementor-element elementor-element-660e71e\" data-id=\"660e71e\" data-element_type=\"column\" data-e-type=\"column\">\n\t\t\t<div class=\"elementor-widget-wrap\">\n\t\t\t\t\t\t\t<\/div>\n\t\t<\/div>\n\t\t\t\t\t<\/div>\n\t\t<\/section>\n\t\t\t\t\t<\/div>\n\t\t<\/div>\n\t\t\t\t\t<\/div>\n\t\t<\/section>\n\t\t\t\t<section class=\"elementor-section elementor-top-section elementor-element elementor-element-c95006b elementor-section-boxed elementor-section-height-default elementor-section-height-default\" data-id=\"c95006b\" data-element_type=\"section\" data-e-type=\"section\">\n\t\t\t\t\t\t<div class=\"elementor-container elementor-column-gap-default\">\n\t\t\t\t\t<div class=\"elementor-column elementor-col-33 elementor-top-column elementor-element elementor-element-602636e\" data-id=\"602636e\" data-element_type=\"column\" data-e-type=\"column\">\n\t\t\t<div class=\"elementor-widget-wrap\">\n\t\t\t\t\t\t\t<\/div>\n\t\t<\/div>\n\t\t\t\t<div class=\"elementor-column elementor-col-33 elementor-top-column elementor-element elementor-element-6b610cf\" data-id=\"6b610cf\" data-element_type=\"column\" data-e-type=\"column\">\n\t\t\t<div class=\"elementor-widget-wrap elementor-element-populated\">\n\t\t\t\t\t\t<div class=\"elementor-element elementor-element-6cacf39 elementor-widget elementor-widget-wp-widget-media_audio\" data-id=\"6cacf39\" data-element_type=\"widget\" data-e-type=\"widget\" data-widget_type=\"wp-widget-media_audio.default\">\n\t\t\t\t<div class=\"elementor-widget-container\">\n\t\t\t\t\t<audio class=\"wp-audio-shortcode\" id=\"audio-17-1\" preload=\"none\" style=\"width: 100%;\" controls=\"controls\"><source type=\"audio\/mpeg\" src=\"https:\/\/riverchange.zrc-sazu.si\/shqip\/wp-content\/uploads\/2022\/05\/naslovna_voda_mura_1.mp3?_=1\" \/><source type=\"audio\/mpeg\" src=\"https:\/\/riverchange.zrc-sazu.si\/shqip\/wp-content\/uploads\/2022\/05\/naslovna_voda_mura_1.mp3?_=1\" \/><a href=\"https:\/\/riverchange.zrc-sazu.si\/shqip\/wp-content\/uploads\/2022\/05\/naslovna_voda_mura_1.mp3\">https:\/\/riverchange.zrc-sazu.si\/shqip\/wp-content\/uploads\/2022\/05\/naslovna_voda_mura_1.mp3<\/a><\/audio>\t\t\t\t<\/div>\n\t\t\t\t<\/div>\n\t\t\t\t\t<\/div>\n\t\t<\/div>\n\t\t\t\t<div class=\"elementor-column elementor-col-33 elementor-top-column elementor-element elementor-element-07fcf8a\" data-id=\"07fcf8a\" data-element_type=\"column\" data-e-type=\"column\">\n\t\t\t<div class=\"elementor-widget-wrap\">\n\t\t\t\t\t\t\t<\/div>\n\t\t<\/div>\n\t\t\t\t\t<\/div>\n\t\t<\/section>\n\t\t\t\t<\/div>\n\t\t","protected":false},"excerpt":{"rendered":"<p>MJEDISET LUMORE P\u00ebrgjat\u00eb Mur\u00ebs dhe Vjos\u00ebs P\u00ebrgjat\u00eb Mur\u00ebs dhe Vjos\u00ebs hart\u00ebzon dhe portretizon se si ndryshimet dhe vazhdim\u00ebsit\u00eb e lumenjve Mura (Slloveni) dhe Vjosa (Shqip\u00ebri) strukturohen n\u00eb peizazhet lumore dhe mish\u00ebrohen n\u00eb jet\u00ebn e p\u00ebrditshme t\u00eb njer\u00ebzve q\u00eb banojn\u00eb n\u00eb to.&nbsp;More.. Mura Vjosa<\/p>\n","protected":false},"author":1,"featured_media":0,"parent":0,"menu_order":0,"comment_status":"closed","ping_status":"closed","template":"elementor_header_footer","meta":{"footnotes":""},"class_list":["post-17","page","type-page","status-publish","hentry"],"_links":{"self":[{"href":"https:\/\/riverchange.zrc-sazu.si\/shqip\/wp-json\/wp\/v2\/pages\/17","targetHints":{"allow":["GET"]}}],"collection":[{"href":"https:\/\/riverchange.zrc-sazu.si\/shqip\/wp-json\/wp\/v2\/pages"}],"about":[{"href":"https:\/\/riverchange.zrc-sazu.si\/shqip\/wp-json\/wp\/v2\/types\/page"}],"author":[{"embeddable":true,"href":"https:\/\/riverchange.zrc-sazu.si\/shqip\/wp-json\/wp\/v2\/users\/1"}],"replies":[{"embeddable":true,"href":"https:\/\/riverchange.zrc-sazu.si\/shqip\/wp-json\/wp\/v2\/comments?post=17"}],"version-history":[{"count":334,"href":"https:\/\/riverchange.zrc-sazu.si\/shqip\/wp-json\/wp\/v2\/pages\/17\/revisions"}],"predecessor-version":[{"id":5777,"href":"https:\/\/riverchange.zrc-sazu.si\/shqip\/wp-json\/wp\/v2\/pages\/17\/revisions\/5777"}],"wp:attachment":[{"href":"https:\/\/riverchange.zrc-sazu.si\/shqip\/wp-json\/wp\/v2\/media?parent=17"}],"curies":[{"name":"wp","href":"https:\/\/api.w.org\/{rel}","templated":true}]}}